{"id":387,"date":"2022-04-06T09:23:55","date_gmt":"2022-04-06T09:23:55","guid":{"rendered":"https:\/\/www.auxenia.de\/?page_id=387"},"modified":"2023-03-07T11:40:13","modified_gmt":"2023-03-07T11:40:13","slug":"imprint","status":"publish","type":"page","link":"https:\/\/www.auxenia.de\/en\/imprint\/","title":{"rendered":"Impressum"},"content":{"rendered":"<p>[et_pb_section fb_built=&#8221;1&#8243; _builder_version=&#8221;4.16&#8243; _module_preset=&#8221;e7f67c86-a70d-41ef-b756-6fb879c5101a&#8221; custom_padding=&#8221;6vw||6vw||true|false&#8221; custom_padding_tablet=&#8221;12vw||6vw||false|false&#8221; custom_padding_phone=&#8221;80px||60px||false|false&#8221; global_colors_info=&#8221;{}&#8221;][et_pb_row _builder_version=&#8221;4.16&#8243; _module_preset=&#8221;default&#8221; custom_margin=&#8221;||0px||false|false&#8221; custom_padding=&#8221;||0px||false|false&#8221; global_colors_info=&#8221;{}&#8221;][et_pb_column type=&#8221;4_4&#8243; _builder_version=&#8221;4.16&#8243; _module_preset=&#8221;default&#8221; global_colors_info=&#8221;{}&#8221;][et_pb_text _builder_version=&#8221;4.17.3&#8243; _module_preset=&#8221;58b24734-ab0e-4794-a7ea-7327755095da&#8221; global_colors_info=&#8221;{}&#8221;]<\/p>\n<h1>Legal Info, Imprint<\/h1>\n<p>[\/et_pb_text][\/et_pb_column][\/et_pb_row][\/et_pb_section][et_pb_section fb_built=&#8221;1&#8243; custom_padding_last_edited=&#8221;on|tablet&#8221; module_id=&#8221;content&#8221; _builder_version=&#8221;4.16&#8243; _module_preset=&#8221;_initial&#8221; custom_padding_tablet=&#8221;&#8221; custom_padding_phone=&#8221;&#8221; global_colors_info=&#8221;{}&#8221;][et_pb_row column_structure=&#8221;2_5,3_5&#8243; _builder_version=&#8221;4.16&#8243; _module_preset=&#8221;0e73377e-3aa4-4bc3-baee-96f51ff1fc84&#8243; global_colors_info=&#8221;{}&#8221;][et_pb_column type=&#8221;2_5&#8243; _builder_version=&#8221;4.16&#8243; _module_preset=&#8221;default&#8221; global_colors_info=&#8221;{}&#8221;][et_pb_text _builder_version=&#8221;4.19.1&#8243; _module_preset=&#8221;dc0bf76f-51ac-456e-b88f-c776c001721e&#8221; hover_enabled=&#8221;0&#8243; global_colors_info=&#8221;{}&#8221; sticky_enabled=&#8221;0&#8243;]<\/p>\n<p>auxenia RE GmbH Chartered Surveyors<br \/>Marienbader Stra\u00dfe 13<br \/>14199 Berlin \u00b7 Germany<br \/>Fon +49. 30. 31 99 09 63<br \/>Fax +49. 30. 31 99 09 66<a href=\"mailto:info@auxenia.de\"><br \/>info@auxenia.de<\/a><\/p>\n<p>Managing director: Dr. Ilja Gop<\/p>\n<p>Principal office: Berlin<br \/>Amtsgericht Charlottenburg HRB 133967<br \/>VATIN DE277355197<\/p>\n<p>[\/et_pb_text][\/et_pb_column][et_pb_column type=&#8221;3_5&#8243; _builder_version=&#8221;4.16&#8243; _module_preset=&#8221;default&#8221; global_colors_info=&#8221;{}&#8221;][et_pb_text _builder_version=&#8221;4.17.3&#8243; _module_preset=&#8221;dc0bf76f-51ac-456e-b88f-c776c001721e&#8221; global_colors_info=&#8221;{}&#8221;]<\/p>\n<p><strong>Copyright of the Content<\/strong><br \/>The websites, their programming, content, design and structure are governed by copyright, trademark and competition laws. Copyright and trademarks may not be altered or removed. Any reproduction, distribution, storage or online access (transfer to another website) of our website, the layout of Web sites, their content (text, images, programs) in whole or in part, in original or altered form without prior written consent permitted. Only non-commercial private use is permissible within the limits of copyright law.<\/p>\n<p><strong>Liability for content and information<\/strong><br \/>Neither auxenia RE GmbH nor any third parties whose information is displayed by auxenia RE GmbH on its web site will accept any liability for the correctness, completeness and\/or accuracy of the content contained thereon. Auxenia RE GmbH explicitly draws your attention to the fact that the information contained on the web site in no way constitutes a client\/advisor relationship. Thus, auxenia RE GmbH will in no way be responsible for any consequential or incidental damages, including any loss of profits incurred by the user through use of the information and functions contained on this web site. This applies particularly to the links displayed (hyperlinks) to other web sites over whose content auxenia RE GmbH has no control and for whose content auxenia RE GmbH will accept no liability. The documents \/ information may become outdated through recent developments, without the already available documents \/ information having been changed. Thus auxenia RE GmbH will accept no liability, neither for any losses incurred by the distribution and\/or use of such documents and information nor for any losses incurred by the distribution and\/or use of such documents and information in any other related context.<\/p>\n<p>[\/et_pb_text][et_pb_text _builder_version=&#8221;4.17.3&#8243; _module_preset=&#8221;default&#8221; global_colors_info=&#8221;{}&#8221;]<\/p>\n<p>Conception: rebecca gop relations,<span>\u00a0<\/span><a href=\"mailto:gop@gpo-relations.de\">gop@gop-relations.de<\/a><br \/>Design &amp; Development: <a href=\"https:\/\/www.bajorat-media.com\/\" target=\"_blank\" rel=\"noopener\">Bajorat Media<\/a><br \/>Photo:<a href=\"https:\/\/www.fizzfoto.com\/\" target=\"_blank\" rel=\"noopener\"><span> David Nassim<\/span><\/a><\/p>\n<p>[\/et_pb_text][\/et_pb_column][\/et_pb_row][\/et_pb_section]<\/p>\n","protected":false},"excerpt":{"rendered":"<p>Legal Info, Imprintauxenia RE GmbH Chartered SurveyorsMarienbader Stra\u00dfe 1314199 Berlin \u00b7 GermanyFon +49. 30. 31 99 09 63Fax +49. 30. 31 99 09 66info@auxenia.de Managing director: Dr. Ilja Gop Principal office: BerlinAmtsgericht Charlottenburg HRB 133967VATIN DE277355197Copyright of the ContentThe websites, their programming, content, design and structure are governed by copyright, trademark and competition laws. Copyright [&hellip;]<\/p>\n","protected":false},"author":1,"featured_media":0,"parent":0,"menu_order":0,"comment_status":"closed","ping_status":"closed","template":"","meta":{"_et_pb_use_builder":"on","_et_pb_old_content":"<!-- wp:divi\/placeholder -->\n[et_pb_section fb_built=\"1\" _builder_version=\"4.14.9\" _module_preset=\"e7f67c86-a70d-41ef-b756-6fb879c5101a\" custom_padding=\"6vw||6vw||true|false\" custom_padding_tablet=\"12vw||6vw||false|false\" custom_padding_phone=\"80px||60px||false|false\" global_colors_info=\"{}\"][et_pb_row _builder_version=\"4.14.9\" _module_preset=\"default\" custom_margin=\"||0px||false|false\" custom_padding=\"||0px||false|false\" global_colors_info=\"{}\"][et_pb_column type=\"4_4\" _builder_version=\"4.14.9\" _module_preset=\"default\" global_colors_info=\"{}\"][et_pb_text _builder_version=\"4.14.9\" _module_preset=\"58b24734-ab0e-4794-a7ea-7327755095da\" global_colors_info=\"{}\"]<h1>Impressum<\/h1>[\/et_pb_text][\/et_pb_column][\/et_pb_row][\/et_pb_section][et_pb_section fb_built=\"1\" module_id=\"content\" _builder_version=\"4.14.9\" _module_preset=\"_initial\" hover_enabled=\"0\" global_colors_info=\"{}\" custom_padding_last_edited=\"on|tablet\" sticky_enabled=\"0\"][et_pb_row column_structure=\"2_5,3_5\" _builder_version=\"4.14.9\" _module_preset=\"0e73377e-3aa4-4bc3-baee-96f51ff1fc84\" global_colors_info=\"{}\"][et_pb_column type=\"2_5\" _builder_version=\"4.14.9\" _module_preset=\"default\" global_colors_info=\"{}\"][et_pb_text _builder_version=\"4.14.9\" _module_preset=\"dc0bf76f-51ac-456e-b88f-c776c001721e\" global_colors_info=\"{}\"]<p><strong>auxenia RE GmbH Chartered Surveyors<\/strong><br \/>Kurf\u00fcrstendamm 67<br \/>10707 Berlin \u00b7 Germany<br \/>Fon <a href=\"00493031990963\">+49 (0)30 - 31 99 09 63<\/a><br \/>Fax +49. 30. 31 99 09 66<br \/><a href=\"mailto:info@auxenia.de\">info@auxenia.de<\/a><\/p>\n<p>Gesch\u00e4ftsf\u00fchrung: Dr. Ilja Gop<\/p>\n<p>Sitz der Gesellschaft: Berlin<br \/>Amtsgericht Charlottenburg HRB 133967<br \/>USt-IdNr. DE277355197<\/p>[\/et_pb_text][\/et_pb_column][et_pb_column type=\"3_5\" _builder_version=\"4.14.9\" _module_preset=\"default\" global_colors_info=\"{}\"][et_pb_text _builder_version=\"4.14.9\" _module_preset=\"dc0bf76f-51ac-456e-b88f-c776c001721e\" global_colors_info=\"{}\"]<p><strong>Nutzungsrecht an den Inhalten<\/strong><br \/>Die Webseiten, ihre Programmierung, Inhalte, Gestaltung und Struktur unterliegen urheber-, marken- und wettbewerbsrechtlichen Schutzrechten. Urheberrechtshinweise und Markenbezeichnungen d\u00fcrfen weder ver\u00e4ndert noch beseitigt werden. Eine Vervielf\u00e4ltigung, Verbreitung, Bereithaltung zum Abruf oder Online-Zug\u00e4nglichmachung (\u00dcbernahme in andere Webseite) unserer Webseiten, des Layouts der Webseiten, ihrer Inhalte (Texte, Bilder, Programme) ganz oder teilweise, in ver\u00e4nderter oder unver\u00e4nderter Form ist nur nach vorheriger schriftlicher Zustimmung zul\u00e4ssig. Lediglich die nicht kommerzielle private Nutzung ist in den Grenzen des Urheberrechtsgesetzes zul\u00e4ssig.<\/p>\n<p><strong>Haftung f\u00fcr Inhalte und Information<\/strong><br \/>Die auxenia RE GmbH sowie Dritte, von denen die auxenia RE GmbH Informationen auf der Webseite bereitstellt, \u00fcbernehmen keine Haftung f\u00fcr die Richtigkeit, Vollst\u00e4ndigkeit oder Genauigkeit der Inhalte. Die auxenia RE GmbH weist ausdr\u00fccklich darauf hin, dass die auf der Webseite bereitgestellten Informationen keine fachliche oder inhaltliche Beratung darstellen. Das Unternehmen auxenia RE GmbH haftet daher nicht f\u00fcr direkte oder indirekte Sch\u00e4den einschlie\u00dflich entgangener Gewinne, die einem Nutzer durch die in Anspruchnahme des Informations- und Funktionsangebotes dieser Webseite entstehen. Dies gilt insbesondere f\u00fcr ausgewiesene Links (Verbindungen) zu anderen Webseiten, auf die das Unternehmen auxenia RE GmbH keinen Einfluss hat und f\u00fcr deren Inhalt die auxenia RE GmbH keine Verantwortung tr\u00e4gt. Die Dokumente \/ Informationen k\u00f6nnen durch aktuelle Entwicklungen \u00fcberholt sein, ohne dass die bereitgestellten Dokumente \/ Informationen ge\u00e4ndert wurden. Das Unternehmen auxenia RE GmbH \u00fcbernimmt keine Haftung f\u00fcr Verluste, die durch die Verteilung und \/ oder Verwendung dieser Dokumente \/ Informationen verursacht wurden oder die mit der Verteilung \/ Nutzung dieser Dokumente \/ Informationen im Zusammenhang stehen.<\/p>\n<p>Konzeption: rebecca gop relations,<span>\u00a0<\/span><a href=\"mailto:gop@gpo-relations.de\">gop@gop-relations.de<\/a><br \/>Design:<span>\u00a0<\/span><a href=\"http:\/\/www.sinell-partner.de\/\" target=\"_blank\" rel=\"noopener\">SINELL &amp; PARTNER Kommunikationsdesign<\/a><br \/>Foto:<span>\u00a0<\/span><a href=\"http:\/\/www.hc-krass.de\/\" target=\"_blank\" rel=\"noopener\">HC KRASS<\/a><\/p>[\/et_pb_text][\/et_pb_column][\/et_pb_row][\/et_pb_section]\n<!-- \/wp:divi\/placeholder -->","_et_gb_content_width":"","footnotes":""},"class_list":["post-387","page","type-page","status-publish","hentry"],"_links":{"self":[{"href":"https:\/\/www.auxenia.de\/en\/wp-json\/wp\/v2\/pages\/387","targetHints":{"allow":["GET"]}}],"collection":[{"href":"https:\/\/www.auxenia.de\/en\/wp-json\/wp\/v2\/pages"}],"about":[{"href":"https:\/\/www.auxenia.de\/en\/wp-json\/wp\/v2\/types\/page"}],"author":[{"embeddable":true,"href":"https:\/\/www.auxenia.de\/en\/wp-json\/wp\/v2\/users\/1"}],"replies":[{"embeddable":true,"href":"https:\/\/www.auxenia.de\/en\/wp-json\/wp\/v2\/comments?post=387"}],"version-history":[{"count":4,"href":"https:\/\/www.auxenia.de\/en\/wp-json\/wp\/v2\/pages\/387\/revisions"}],"predecessor-version":[{"id":1374,"href":"https:\/\/www.auxenia.de\/en\/wp-json\/wp\/v2\/pages\/387\/revisions\/1374"}],"wp:attachment":[{"href":"https:\/\/www.auxenia.de\/en\/wp-json\/wp\/v2\/media?parent=387"}],"curies":[{"name":"wp","href":"https:\/\/api.w.org\/{rel}","templated":true}]}}